{"id":375,"date":"2020-10-29T10:00:27","date_gmt":"2020-10-29T13:00:27","guid":{"rendered":"https:\/\/upbrandsdesigns.com\/balddesign\/?page_id=375"},"modified":"2020-11-11T15:05:51","modified_gmt":"2020-11-11T18:05:51","slug":"cambios-y-devoluciones","status":"publish","type":"page","link":"https:\/\/balddesign.com.ar\/en\/cambios-y-devoluciones\/","title":{"rendered":"Changes and Returns"},"content":{"rendered":"<p>Our products have a 6 and 12 month warranty depending on the type of product. <\/p>\n\n\n\n<p>The warranty is for material failure, <\/p>\n\n\n\n<p>The incorrect use of our products automatically invalidates the guarantee, and therefore no changes are made in these cases. <\/p>\n\n\n\n<p>If the failure is due to manufacturing defects, then contact us to coordinate the exchange of the product within 30 days of purchase. <\/p>\n\n\n\n<p>Returns of materials with knocks or machining are not accepted. <\/p>\n\n\n\n<p>RETURNS & EXCHANGES<\/p>\n\n\n\n<p>DOCUMENTACI\u00d3N NECESARIA PARA EL CAMBIO<\/p>\n\n\n\n<p>The client must present at the time of requesting a change or return, the Purchase Invoice and \/ or order in Physical or Digital format. Returns are made only through the payment method of the purchase.<\/p>\n\n\n\n<p>PRODUCT STATUS<\/p>\n\n\n\n<p>The product cannot be used or tested, except that the change is due to a fault. The product may be opened, but it must keep its original packaging (including interiors) and be in perfect conditions. Products that are contained in sealed containers cannot be opened. The product must be complete, with all its accessories, manuals, corresponding warranty certificates and its rewarded products that have been associated with the purchase.<\/p>\n\n\n\n<p>CHANGE BY FAILURE<\/p>\n\n\n\n<p>If the exchange or return is due to a fault, the product must have been used correctly. We do not make exchanges or returns of failed products due to misuse.<\/p>\n\n\n\n<p>PRODUCTS WITHOUT CHANGE<\/p>\n\n\n\n<p>Products on request (all those that are specially requested at the customer's request).<\/p>\n\n\n\n<p>TIME LIMIT<\/p>\n\n\n\n<p>Maximum time limit: 30 days in a row. After this period, returns are not accepted, unless it is due to factory failures. The deadlines to generate a return \/ exchange begin to run from the day of delivery of the product.<\/p>","protected":false},"excerpt":{"rendered":"<p>Nuestros productos cuentan con Garant\u00eda de 6 y 12 meses dependiendo del tipo de producto. La garant\u00eda es por fallas de materiales, El uso incorrecto de nuestros productos invalida autom\u00e1ticamente la garant\u00eda, y por tanto no se realizan cambios en esos casos. Si la falla es por defectos de fabricaci\u00f3n, entonces cont\u00e1ctese con nosotros para [&hellip;]<\/p>","protected":false},"author":1,"featured_media":0,"parent":0,"menu_order":0,"comment_status":"closed","ping_status":"closed","template":"template-fullwidth.php","meta":{"spay_email":""},"_links":{"self":[{"href":"https:\/\/balddesign.com.ar\/en\/wp-json\/wp\/v2\/pages\/375"}],"collection":[{"href":"https:\/\/balddesign.com.ar\/en\/wp-json\/wp\/v2\/pages"}],"about":[{"href":"https:\/\/balddesign.com.ar\/en\/wp-json\/wp\/v2\/types\/page"}],"author":[{"embeddable":true,"href":"https:\/\/balddesign.com.ar\/en\/wp-json\/wp\/v2\/users\/1"}],"replies":[{"embeddable":true,"href":"https:\/\/balddesign.com.ar\/en\/wp-json\/wp\/v2\/comments?post=375"}],"version-history":[{"count":4,"href":"https:\/\/balddesign.com.ar\/en\/wp-json\/wp\/v2\/pages\/375\/revisions"}],"predecessor-version":[{"id":489,"href":"https:\/\/balddesign.com.ar\/en\/wp-json\/wp\/v2\/pages\/375\/revisions\/489"}],"wp:attachment":[{"href":"https:\/\/balddesign.com.ar\/en\/wp-json\/wp\/v2\/media?parent=375"}],"curies":[{"name":"wp","href":"https:\/\/api.w.org\/{rel}","templated":true}]}}