{"id":27,"date":"2020-10-06T17:02:33","date_gmt":"2020-10-06T17:02:33","guid":{"rendered":"https:\/\/upbrandsdesigns.com\/balddesign\/?page_id=27"},"modified":"2020-10-08T18:58:09","modified_gmt":"2020-10-08T18:58:09","slug":"terminos-y-condiciones","status":"publish","type":"page","link":"https:\/\/balddesign.com.ar\/en\/terminos-y-condiciones\/","title":{"rendered":"Terms and Conditions"},"content":{"rendered":"<p>Bienvenidos al sitio web de Bald Design. Por favor, lea los t\u00e9rminos y condiciones de nuestro sitio descritos a continuaci\u00f3n. Tenga en cuenta que estos se aplicar\u00e1n para la navegaci\u00f3n del sitio de internet www.balddesign.com.ar y los servicios ofrecidos en \u00e9l.<\/p>\n\n\n\n<p><strong>ACEPTACI\u00d3N Y CONOCIMIENTO DE LOS T\u00c9RMINOS Y CONDICIONES<\/strong><\/p>\n\n\n\n<p>Los presentes t\u00e9rminos y condiciones tienen car\u00e1cter obligatorio y vinculante. Se aplican a todas las compras y actividades realizadas mediante el website. El uso del sitio implica el conocimiento y la aceptaci\u00f3n de ellos. Si usted no est\u00e1 de acuerdo con los t\u00e9rminos y condiciones, deber\u00e1 abstenerse de utilizar el website y\/o los servicios por \u00e9l ofrecidos. Por \u00abusuario\u00bb del website se entiende tanto a los registrados como a los visitantes.<\/p>\n\n\n\n<p><strong>MODIFICACI\u00d3N DE LOS T\u00c9RMINOS Y CONDICIONES<\/strong><\/p>\n\n\n\n<p>Los t\u00e9rminos y condiciones podr\u00e1n ser modificados o sustituidos en cualquier momento y a exclusivo criterio de Bald Design de Diguardo Carlos, sin ser requerido el consentimiento de los usuarios. Para las transacciones en curso que hayan comenzado con anterioridad a dichas modificaciones, subsistir\u00e1n las condiciones vigentes al momento de su inicio, a menos que las nuevas modificaciones introducidas fueran m\u00e1s convenientes para el usuario. Bald Design de Diguardo Carlos colocar\u00e1 un aviso en el website alertando a los usuarios sobre los cambios durante un tiempo razonable. Sin perjuicio de lo anterior, los usuarios son responsables de leer estos t\u00e9rminos y condiciones cada vez que ingresen al website para ver si han sufrido modificaciones.&nbsp;&nbsp;<\/p>\n\n\n\n<p><strong>POLITICA DE PRIVACIDAD<\/strong><\/p>\n\n\n\n<p>Para poder \u00abRegistrarse\u00bb o realizar compras como invitado utilizar en el website de manera eficiente y segura, los usuarios deber\u00e1n aportar ciertos datos, entre ellos, su nombre y apellido, domicilio, cuenta de e-mail, sin los cuales se tornar\u00eda imposible brindar los servicios y entregar productos. Por eso se requiere que \u00e9stos sean verdaderos y exactos. Esta informaci\u00f3n es usada para responder las consultas acerca de nuestros productos y servicios y\/o para despachar pedidos. Tambi\u00e9n se utiliza para mantener contacto con nuestros clientes.&nbsp; Bald Design de Diguardo Carlos aconseja a sus clientes que mantengan actualizados sus datos. De esta forma recibir\u00e1n en forma peri\u00f3dica ofertas y promociones dise\u00f1adas a medida de sus necesidades a trav\u00e9s de su correo electr\u00f3nico.<\/p>\n\n\n\n<p>Bajo ninguna circunstancia, esta informaci\u00f3n es compartida con terceros en la medida que exceda las limitaciones dispuestas por el art. 5\u00ba inc. 2\u00ba c) y art. 11 inc. 3 b) de la Ley 25.326 de protecci\u00f3n de datos personales. En caso de que los datos sean requeridos por la v\u00eda legal, administrativa o judicial correspondiente, Bald Design de Diguardo Carlos se ver\u00e1 compelida a revelar los mismos a la autoridad solicitante. En la medida en que la legislaci\u00f3n y normas de procedimiento lo permitan, Bald Design de Diguardo Carlos informar\u00e1 a los usuarios sobre estos requerimientos.<\/p>\n\n\n\n<p>En consonancia con lo prescripto por la ley de protecci\u00f3n de datos personales, Nro. 25.326 los usuarios tendr\u00e1n el derecho de acceder, actualizar y rectificar los datos ingresados cuando lo deseen.<\/p>\n\n\n\n<p>Al registrarse en el website y formar parte de la base general de clientes, los usuarios aceptan que Bald Design de Diguardo Carlos se comunique con ellos por v\u00eda postal, telef\u00f3nica o electr\u00f3nica para enviar informaci\u00f3n que la empresa considere, a su exclusivo criterio, que pueda ser de su inter\u00e9s, incluyendo publicidad e informaci\u00f3n sobre ofertas y promociones. En caso de que los usuarios no deseen ser contactados con estos fines, podr\u00e1n manifest\u00e1rselo fehacientemente a Bald Design de Diguardo Carlos, quien proceder\u00e1 a interrumpir este tipo de comunicaciones en el menor tiempo que le sea posible. Bald Design de Diguardo Carlos no solicita datos de sus clientes, ni en forma telef\u00f3nica ni a trav\u00e9s del correo electr\u00f3nico. De existir un contacto, tiene como finalidad la realizaci\u00f3n de alguna encuesta de satisfacci\u00f3n, comunicar alguna promoci\u00f3n o beneficio especial, realizar un presupuesto o efectuar una venta.<\/p>\n\n\n\n<p>Si Ud. desea conocer m\u00e1s en profundidad sobre este tema consulte en: www.jus.gob.ar\/<\/p>\n\n\n\n<p><strong>VERACIDAD DE LA INFORMACI\u00d3N SUMINISTRADA<\/strong><\/p>\n\n\n\n<p>En caso de que la informaci\u00f3n o los datos suministrados por el usuario no sean verdaderos, \u00e9ste ser\u00e1 responsable por los da\u00f1os que este hecho pudiera ocasionar. Puede actualizar sus datos ingresando a su cuenta o contact\u00e1ndonos por mail a contacto@balddesign.com.ar<\/p>\n\n\n\n<p><strong>OBLIGACI\u00d3N DE SUMINISTRAR INFORMACI\u00d3N COMPLETA Y ADECUADA.<\/strong><\/p>\n\n\n\n<p>Bald Design de Diguardo Carlos conforme prescripciones del art. 4 de la ley 24240 se obliga en su sitio web y en toda forma de comercializaci\u00f3n de sus productos a brindar de manera cierta y objetiva, informaci\u00f3n veraz, detallada, eficaz y suficiente sobre las caracter\u00edsticas esenciales de los productos ofrecidos. Esta informaci\u00f3n se brinda no solo por medio del sitio web sino que podr\u00e1 ser requerida mayores precisiones v\u00eda correo electr\u00f3nico, telef\u00f3nicamente a trav\u00e9s de nuestros operadores u otro medio que el usuario estime pertinente. As\u00ed como resulta obligaci\u00f3n de Bald Design de Diguardo Carlos brindar esta informaci\u00f3n tambi\u00e9n resulta responsabilidad del usuario y consumidor tomar todos los recaudos y previsiones para instruirse e informarse sobre los productos sobre los que est\u00e1 interesado, actuando como un usuario prudente e informado sobre cada caso.&nbsp;&nbsp;<\/p>\n\n\n\n<p><strong>COOKIES<\/strong><\/p>\n\n\n\n<p>El website puede utilizar un sistema de seguimiento mediante \u00abcookies\u00bb, para que el acceso a la informaci\u00f3n, al pasar de p\u00e1gina en p\u00e1gina, se realice con mayor rapidez. Tambi\u00e9n ayuda en algunos casos a identificar a los usuarios, sin necesidad de solicitarles la clave de acceso una y otra vez.<\/p>\n\n\n\n<p>Estas cookies son peque\u00f1os archivos que env\u00eda la p\u00e1gina visitada y se alojan en el disco duro del ordenador, ocupando poco espacio.<\/p>\n\n\n\n<p>Se hace saber a los usuarios que utilizando las opciones de su navegador podr\u00e1n limitar o restringir seg\u00fan su voluntad el alojamiento de estas \u201ccookies\u201d, aunque es desaconsejable restringirlas totalmente.<\/p>\n\n\n\n<p>El sistema podr\u00e1 recoger informaci\u00f3n sobre sus preferencias e intereses. En el caso de que esto ocurra, la informaci\u00f3n ser\u00e1 utilizada exclusivamente con fines estad\u00edsticos para mejorar los servicios que se prestan en el website. Bald Design de Diguardo Carlos aplicar\u00e1, en la mayor medida en que sea posible, procedimientos de disociaci\u00f3n de la informaci\u00f3n de modo que los titulares de los datos sean inidentificables.<\/p>\n\n\n\n<p><strong>REGISTRACI\u00d3N<\/strong><\/p>\n\n\n\n<p>La registraci\u00f3n de los usuarios se realiza ingresando al website y es gratuita.<\/p>\n\n\n\n<p>Es obligatorio completar el formulario en todos los campos requeridos con datos v\u00e1lidos y verdaderos, de manera exacta y precisa. Para un correcto funcionamiento del sistema, es necesario que los usuarios mantengan sus datos actualizados. Bald Design de Diguardo Carlos podr\u00e1 proceder a verificar la identidad del usuario y\/o de los datos consignados por \u00e9ste. Bald Design de Diguardo Carlos no se responsabiliza por la veracidad o certeza de los datos provistos por los usuarios.<\/p>\n\n\n\n<p>Los usuarios acceder\u00e1n a su cuenta personal mediante un nombre de usuario y una clave personal que deber\u00e1n ingresar. En caso de que estos datos sean olvidados por el usuario, Bald Design de Diguardo Carlos cuenta con un servicio de ayuda para recuperarlos. Para esto se deber\u00e1 hacer \u00abclick\u00bb en la opci\u00f3n correspondiente e ingresar el e-mail que se proporcion\u00f3 al momento de la registraci\u00f3n. Al finalizar, el sistema le enviar\u00e1 de manera confidencial a esa cuenta su nombre de usuario y el procedimiento de recuperaci\u00f3n de su contrase\u00f1a.<\/p>\n\n\n\n<p>As\u00ed como Bald Design de Diguardo Carlos se compromete a mantener la confidencialidad de los datos aportados por los usuarios para su registro, los usuarios se comprometen a mantener la confidencialidad de su nombre y clave de acceso. De conformidad con lo expresado en el p\u00e1rrafo anterior, los usuarios son responsables del uso que se haga de su clave y deber\u00e1n tener presente que, si otras personas tienen o pueden tener en el futuro acceso a la cuenta de e-mail consignada como propia en el formulario de registraci\u00f3n, \u00e9stas tambi\u00e9n podr\u00edan solicitar su clave de acceso y nombre de usuario. Es obligaci\u00f3n exclusiva del usuario tomar las medidas pertinentes para que esto no suceda. El usuario se compromete a notificar inmediatamente y de manera fehaciente a Bald Design de Diguardo Carlos cualquier uso no autorizado de su cuenta de usuario, y a mantenerlo indemne en el caso de que se esto produzca alg\u00fan da\u00f1o a la empresa o a terceros.<\/p>\n\n\n\n<p>Bald Design de Diguardo Carlos se reserva el derecho de suspender temporal o definitivamente a los usuarios en caso de incumplimiento de los t\u00e9rminos y condiciones, como as\u00ed tambi\u00e9n de rechazar solicitudes.<\/p>\n\n\n\n<p><strong>CAPACIDAD<\/strong><\/p>\n\n\n\n<p>Para utilizar los servicios del website se requiere tener capacidad legal para contratar. No podr\u00e1n acceder a los servicios quienes carezcan de ella, los que hayan sido suspendidos o inhabilitados, ni los menores de edad. Los padres, tutores o responsables de los menores de edad o incapaces que utilicen el website ser\u00e1n responsables por dicho uso, incluyendo cualquier cargo, facturaci\u00f3n o da\u00f1o que se derive de \u00e9l.<\/p>\n\n\n\n<p><strong>INDEMNIDAD<\/strong><\/p>\n\n\n\n<p>Indemnidad: El Website s\u00f3lo se puede utilizar con fines l\u00edcitos. El consumidor y\/o usuario se obliga a realizar un uso prudente, responsable y correcto del mismo y en dicho sentido asume la obligaci\u00f3n de mantener indemne a Bald Design de Diguardo Carlos por cualquier tipo de reclamo, extrajudicial, administrativo o judicial, de terceros, por el uso del Sitio por parte del Usuario, o en caso de verificarse multas y\/o deudas de cualquier tipo en funci\u00f3n del desempe\u00f1o o actividad realizada por el Usuario en el Sitio.<\/p>","protected":false},"excerpt":{"rendered":"<p>Bienvenidos al sitio web de Bald Design. Por favor, lea los t\u00e9rminos y condiciones de nuestro sitio descritos a continuaci\u00f3n. Tenga en cuenta que estos se aplicar\u00e1n para la navegaci\u00f3n del sitio de internet www.balddesign.com.ar y los servicios ofrecidos en \u00e9l. ACEPTACI\u00d3N Y CONOCIMIENTO DE LOS T\u00c9RMINOS Y CONDICIONES Los presentes t\u00e9rminos y condiciones tienen [&hellip;]<\/p>","protected":false},"author":1,"featured_media":0,"parent":0,"menu_order":0,"comment_status":"closed","ping_status":"closed","template":"template-fullwidth.php","meta":{"spay_email":""},"_links":{"self":[{"href":"https:\/\/balddesign.com.ar\/en\/wp-json\/wp\/v2\/pages\/27"}],"collection":[{"href":"https:\/\/balddesign.com.ar\/en\/wp-json\/wp\/v2\/pages"}],"about":[{"href":"https:\/\/balddesign.com.ar\/en\/wp-json\/wp\/v2\/types\/page"}],"author":[{"embeddable":true,"href":"https:\/\/balddesign.com.ar\/en\/wp-json\/wp\/v2\/users\/1"}],"replies":[{"embeddable":true,"href":"https:\/\/balddesign.com.ar\/en\/wp-json\/wp\/v2\/comments?post=27"}],"version-history":[{"count":2,"href":"https:\/\/balddesign.com.ar\/en\/wp-json\/wp\/v2\/pages\/27\/revisions"}],"predecessor-version":[{"id":118,"href":"https:\/\/balddesign.com.ar\/en\/wp-json\/wp\/v2\/pages\/27\/revisions\/118"}],"wp:attachment":[{"href":"https:\/\/balddesign.com.ar\/en\/wp-json\/wp\/v2\/media?parent=27"}],"curies":[{"name":"wp","href":"https:\/\/api.w.org\/{rel}","templated":true}]}}