{"id":24,"date":"2020-10-06T17:01:59","date_gmt":"2020-10-06T17:01:59","guid":{"rendered":"https:\/\/upbrandsdesigns.com\/balddesign\/?page_id=24"},"modified":"2020-11-20T11:13:13","modified_gmt":"2020-11-20T14:13:13","slug":"formas-de-envio","status":"publish","type":"page","link":"https:\/\/balddesign.com.ar\/en\/formas-de-envio\/","title":{"rendered":"Shippings"},"content":{"rendered":"<p>Nuestros env\u00edos se gestionan a trav\u00e9s de la plataforma Env\u00edo Pack. Hacemos env\u00edos a todo el pa\u00eds por correo. Tambi\u00e9n hacemos env\u00edos por motomensajer\u00eda y entregas en nuestro local.<\/p>\n\n\n\n<p>Consultar por env\u00edos internacionales.<\/p>","protected":false},"excerpt":{"rendered":"<p>Nuestros env\u00edos se gestionan a trav\u00e9s de la plataforma Env\u00edo Pack. Hacemos env\u00edos a todo el pa\u00eds por correo. Tambi\u00e9n hacemos env\u00edos por motomensajer\u00eda y entregas en nuestro local. Consultar por env\u00edos internacionales.<\/p>","protected":false},"author":1,"featured_media":0,"parent":0,"menu_order":0,"comment_status":"closed","ping_status":"closed","template":"template-fullwidth.php","meta":{"spay_email":""},"_links":{"self":[{"href":"https:\/\/balddesign.com.ar\/en\/wp-json\/wp\/v2\/pages\/24"}],"collection":[{"href":"https:\/\/balddesign.com.ar\/en\/wp-json\/wp\/v2\/pages"}],"about":[{"href":"https:\/\/balddesign.com.ar\/en\/wp-json\/wp\/v2\/types\/page"}],"author":[{"embeddable":true,"href":"https:\/\/balddesign.com.ar\/en\/wp-json\/wp\/v2\/users\/1"}],"replies":[{"embeddable":true,"href":"https:\/\/balddesign.com.ar\/en\/wp-json\/wp\/v2\/comments?post=24"}],"version-history":[{"count":2,"href":"https:\/\/balddesign.com.ar\/en\/wp-json\/wp\/v2\/pages\/24\/revisions"}],"predecessor-version":[{"id":497,"href":"https:\/\/balddesign.com.ar\/en\/wp-json\/wp\/v2\/pages\/24\/revisions\/497"}],"wp:attachment":[{"href":"https:\/\/balddesign.com.ar\/en\/wp-json\/wp\/v2\/media?parent=24"}],"curies":[{"name":"wp","href":"https:\/\/api.w.org\/{rel}","templated":true}]}}