{"id":17,"date":"2020-10-06T17:01:41","date_gmt":"2020-10-06T17:01:41","guid":{"rendered":"https:\/\/upbrandsdesigns.com\/balddesign\/?page_id=17"},"modified":"2020-10-29T00:32:38","modified_gmt":"2020-10-29T03:32:38","slug":"preguntas-frecuentes","status":"publish","type":"page","link":"https:\/\/balddesign.com.ar\/en\/preguntas-frecuentes\/","title":{"rendered":"FAQ"},"content":{"rendered":"<p><strong>\u00bfDo you ship to all of Argentina?  <\/strong><\/p>\n\n\n\n<p>Yes, we ship by EnvioPack, Via Cargo and Correo Argentino<\/p>\n\n\n\n<p><strong>\u00bfDo you ship internationally?<\/strong><\/p>\n\n\n\n<p>Yes, we do international shipments through Fedex, DHL or Freight Forwarders. <\/p>\n\n\n\n<p><strong>\u00bfDo you make \"A\" Invoice?<\/strong><\/p>\n\n\n\n<p>Yes, we make \"A\" and \"B\" Invoices <\/p>\n\n\n\n<p><strong>\u00bfWhat payment methods do you accept?<\/strong><\/p>\n\n\n\n<p>We accept Bank Transfer, Cash, MercadoPago, Credit Cards, Debit Cards, Paypal. <\/p>\n\n\n\n<p><strong>\u00bfAre you Manufacturers of your Productos? \u00bfDo you extend guarantee?<\/strong><\/p>\n\n\n\n<p>We are manufacturers and we guarantee all our products. <\/p>\n\n\n\n<p><strong>\u00bfWhere are you Located?<\/strong><\/p>\n\n\n\n<p>We are in Agronom\u00eda, Ciudad Aut\u00f3noma de Buenos Aires. <\/p>\n\n\n\n<p><\/p>","protected":false},"excerpt":{"rendered":"<p>\u00bf Realizan env\u00edos a toda la Argentina? Si, realizamos env\u00edos por EnvioPack, Via Cargo y Correo Argentino \u00bfRealizan env\u00edos internacionales? S\u00ed, realizamos env\u00edos internacionales a traves de Fedex, DHL o Agentes de Carga. \u00bfHacen Factura A? S\u00ed, hacemos factura A y factura B. \u00bfQu\u00e9 medios de pago aceptan? Aceptamos Transferencia Bancaria, Efectivo, Mercado Pago, Tarjetas [&hellip;]<\/p>","protected":false},"author":1,"featured_media":0,"parent":0,"menu_order":0,"comment_status":"closed","ping_status":"closed","template":"template-fullwidth.php","meta":{"spay_email":""},"_links":{"self":[{"href":"https:\/\/balddesign.com.ar\/en\/wp-json\/wp\/v2\/pages\/17"}],"collection":[{"href":"https:\/\/balddesign.com.ar\/en\/wp-json\/wp\/v2\/pages"}],"about":[{"href":"https:\/\/balddesign.com.ar\/en\/wp-json\/wp\/v2\/types\/page"}],"author":[{"embeddable":true,"href":"https:\/\/balddesign.com.ar\/en\/wp-json\/wp\/v2\/users\/1"}],"replies":[{"embeddable":true,"href":"https:\/\/balddesign.com.ar\/en\/wp-json\/wp\/v2\/comments?post=17"}],"version-history":[{"count":2,"href":"https:\/\/balddesign.com.ar\/en\/wp-json\/wp\/v2\/pages\/17\/revisions"}],"predecessor-version":[{"id":356,"href":"https:\/\/balddesign.com.ar\/en\/wp-json\/wp\/v2\/pages\/17\/revisions\/356"}],"wp:attachment":[{"href":"https:\/\/balddesign.com.ar\/en\/wp-json\/wp\/v2\/media?parent=17"}],"curies":[{"name":"wp","href":"https:\/\/api.w.org\/{rel}","templated":true}]}}